{"id":119,"date":"2021-01-21T22:35:03","date_gmt":"2021-01-21T21:35:03","guid":{"rendered":"http:\/\/trotmenu.com\/?page_id=119"},"modified":"2021-01-22T00:53:38","modified_gmt":"2021-01-21T23:53:38","slug":"les-reunions","status":"publish","type":"page","link":"https:\/\/trotmenu.com\/?page_id=119","title":{"rendered":"Les r\u00e9unions"},"content":{"rendered":"\n<p>Les r\u00e9unions enfance ont lieu une fois par mois en pr\u00e9sence des parents et des professionnels. Elles sont accueillies par chacune des familles \u00e0 tour de r\u00f4le. Ce sont des temps d\u02bc\u00e9changes entre le groupe de parents et l\u02bc\u00e9quipe de professionnels. On y aborde des th\u00e8mes p\u00e9dagogiques comme le sommeil, l\u02bcalimentation, le jeu, l\u02bc\u00e9volution des enfants, mais aussi le r\u00f4le du parent lors des permanences, les sorties et les besoins quotidiens ou exceptionnels de la cr\u00e8che. C\u02bcest un moment convivial et instructif partag\u00e9 autour d&rsquo;un repas.<\/p>\n\n\n\n<p>Les r\u00e9unions de fonctionnement sont les r\u00e9unions de gestion de l\u2019association. <\/p>\n\n\n\n<p><\/p>\n\n\n\n<p><\/p>\n","protected":false},"excerpt":{"rendered":"<p>Les r\u00e9unions enfance ont lieu une fois par mois en pr\u00e9sence des parents et des professionnels. Elles sont accueillies par chacune des familles \u00e0 tour de r\u00f4le. Ce sont des temps d\u02bc\u00e9changes entre le groupe de parents et l\u02bc\u00e9quipe de &hellip; <\/p>\n","protected":false},"author":1,"featured_media":0,"parent":0,"menu_order":0,"comment_status":"closed","ping_status":"closed","template":"","meta":{"_monsterinsights_skip_tracking":false,"_monsterinsights_sitenote_active":false,"_monsterinsights_sitenote_note":"","_monsterinsights_sitenote_category":0},"_links":{"self":[{"href":"https:\/\/trotmenu.com\/index.php?rest_route=\/wp\/v2\/pages\/119"}],"collection":[{"href":"https:\/\/trotmenu.com\/index.php?rest_route=\/wp\/v2\/pages"}],"about":[{"href":"https:\/\/trotmenu.com\/index.php?rest_route=\/wp\/v2\/types\/page"}],"author":[{"embeddable":true,"href":"https:\/\/trotmenu.com\/index.php?rest_route=\/wp\/v2\/users\/1"}],"replies":[{"embeddable":true,"href":"https:\/\/trotmenu.com\/index.php?rest_route=%2Fwp%2Fv2%2Fcomments&post=119"}],"version-history":[{"count":2,"href":"https:\/\/trotmenu.com\/index.php?rest_route=\/wp\/v2\/pages\/119\/revisions"}],"predecessor-version":[{"id":144,"href":"https:\/\/trotmenu.com\/index.php?rest_route=\/wp\/v2\/pages\/119\/revisions\/144"}],"wp:attachment":[{"href":"https:\/\/trotmenu.com\/index.php?rest_route=%2Fwp%2Fv2%2Fmedia&parent=119"}],"curies":[{"name":"wp","href":"https:\/\/api.w.org\/{rel}","templated":true}]}}