{"id":120,"date":"2021-01-21T22:35:03","date_gmt":"2021-01-21T21:35:03","guid":{"rendered":"http:\/\/trotmenu.com\/?page_id=120"},"modified":"2021-01-22T11:57:08","modified_gmt":"2021-01-22T10:57:08","slug":"les-activites","status":"publish","type":"page","link":"https:\/\/trotmenu.com\/?page_id=120","title":{"rendered":"Les activit\u00e9s"},"content":{"rendered":"\n<p>Le b\u00e9b\u00e9 d\u00e9s la naissance est dot\u00e9 d\u02bcune capacit\u00e9 d\u02bcactivit\u00e9 spontan\u00e9e constructive dans son d\u00e9veloppement. Lorsqu\u02bcil est actif dans son corps, dans ses actes, il se construit et d\u00e9veloppe son intelligence, il teste, compare, explore de lui-m\u00eame. C\u02bcest gr\u00e2ce \u00e0 la confiance que l\u02bcadulte donne \u00e0 l\u02bcenfant<br>que celui-ci peut apprendre seul dans un environnement suffisamment riche et s\u00e9curisant. L\u02bcenfant initie alors lui-m\u00eame ses actions et r\u00e9p\u00e8te pour int\u00e9grer de nouvelles connaissances. Mais le jeu permet aussi d\u02bc\u00e9laborer et d\u02bcapprivoiser ses \u00e9motions (ex : jeu d\u02bcau revoir, coucou cach\u00e9). L\u02bcenfant cr\u00e9e son jeu selon ses pr\u00e9occupations du moment.<br>Dans notre projet, l\u02bcactivit\u00e9 libre a une grande importance. En effet, nous laissons l\u02bcenfant choisir pour lui- m\u00eame ce qui lui convient le mieux.<br>L\u02bcadulte attend que l\u02bcenfant lui montre ce dont il a besoin, ce dont il est capable; l\u02bcautonomie s\u02bcacquiert au travers de ses r\u00e9ussites et de ses \u00e9checs moteurs, cognitifs, de langage\u2026<br>Il s\u02bcagit de l\u02bcautonomie \u00e0 tous les niveaux c&rsquo;est \u00e0 dire de la motricit\u00e9 libre, du respect du mouvement libre. C&rsquo;est pourquoi :<\/p>\n\n\n\n<ul><li>on ne met pas l\u02bcenfant dans une position qu\u02bcil n\u02bca pas acquise lui-m\u00eame. Si l\u02bcenfant acquiert cette comp\u00e9tence lui-m\u00eame, il le ressent, il en est fier et la ma\u00eetrise vraiment.<\/li><li>on aide l\u02bcenfant en lui parlant pour qu\u02bcil trouve lui-m\u00eame la solution ex : retrouver sa position de d\u00e9part, descendre un escalier en arri\u00e8re.. mais on aide un nourrisson qui est en d\u00e9tresse et ne parvient pas \u00e0 se remettre sur le dos, ou un plus grand debout pour se rasseoir.<\/li><li>il va librement choisir son jeu : l\u02bcacquisition de nouvelles connaissances s\u02bcappuie sur celles d\u00e9j\u00e0 acquises. L\u02bcenfant a tout un chemin \u00e0 parcourir, des exp\u00e9riences \u00e0 vivre pour y arriver. L\u02bc\u00e9ducateur permet \u00e0 l\u02bcenfant d\u02bcavoir de l\u02bcattention, d\u02bcaller jusqu\u02bcau bout de ses exp\u00e9riences. Pour cela il a besoin de calme et de protection de son espace afin qu\u02bcil puisse vraiment essayer autant de fois que n\u00e9cessaire. Ainsi il structure sa pens\u00e9e sur une base solide.<\/li><\/ul>\n\n\n\n<p><\/p>\n","protected":false},"excerpt":{"rendered":"<p>Le b\u00e9b\u00e9 d\u00e9s la naissance est dot\u00e9 d\u02bcune capacit\u00e9 d\u02bcactivit\u00e9 spontan\u00e9e constructive dans son d\u00e9veloppement. Lorsqu\u02bcil est actif dans son corps, dans ses actes, il se construit et d\u00e9veloppe son intelligence, il teste, compare, explore de lui-m\u00eame. C\u02bcest gr\u00e2ce \u00e0 &hellip; <\/p>\n","protected":false},"author":1,"featured_media":0,"parent":0,"menu_order":0,"comment_status":"closed","ping_status":"closed","template":"","meta":{"_monsterinsights_skip_tracking":false,"_monsterinsights_sitenote_active":false,"_monsterinsights_sitenote_note":"","_monsterinsights_sitenote_category":0},"_links":{"self":[{"href":"https:\/\/trotmenu.com\/index.php?rest_route=\/wp\/v2\/pages\/120"}],"collection":[{"href":"https:\/\/trotmenu.com\/index.php?rest_route=\/wp\/v2\/pages"}],"about":[{"href":"https:\/\/trotmenu.com\/index.php?rest_route=\/wp\/v2\/types\/page"}],"author":[{"embeddable":true,"href":"https:\/\/trotmenu.com\/index.php?rest_route=\/wp\/v2\/users\/1"}],"replies":[{"embeddable":true,"href":"https:\/\/trotmenu.com\/index.php?rest_route=%2Fwp%2Fv2%2Fcomments&post=120"}],"version-history":[{"count":3,"href":"https:\/\/trotmenu.com\/index.php?rest_route=\/wp\/v2\/pages\/120\/revisions"}],"predecessor-version":[{"id":153,"href":"https:\/\/trotmenu.com\/index.php?rest_route=\/wp\/v2\/pages\/120\/revisions\/153"}],"wp:attachment":[{"href":"https:\/\/trotmenu.com\/index.php?rest_route=%2Fwp%2Fv2%2Fmedia&parent=120"}],"curies":[{"name":"wp","href":"https:\/\/api.w.org\/{rel}","templated":true}]}}