{"id":136,"date":"2021-01-21T22:57:31","date_gmt":"2021-01-21T21:57:31","guid":{"rendered":"http:\/\/trotmenu.com\/?page_id=136"},"modified":"2026-04-15T23:40:22","modified_gmt":"2026-04-15T21:40:22","slug":"lassociation","status":"publish","type":"page","link":"https:\/\/trotmenu.com\/?page_id=136","title":{"rendered":"L\u2019association"},"content":{"rendered":"\n<p>La cr\u00e8che parentale se distingue des cr\u00e8ches municipales ou priv\u00e9es par l\u2019implication directe des parents dans son organisation.<\/p>\n\n\n\n<p>Chaque famille participe activement \u00e0 la vie de la structure \u00e0 travers une commission.<\/p>\n\n\n\n<p>Ces commissions couvrent l\u2019ensemble du fonctionnement :<\/p>\n\n\n\n<ul><li>pr\u00e9sidence<\/li><li>secr\u00e9tariat<\/li><li>tr\u00e9sorerie<\/li><li>vice-tr\u00e9sorerie<\/li><li>relation pros<\/li><li>famille<\/li><li>planning et menus<\/li><li>courses et bricolage<\/li><li>enfance<\/li><li>relation ACEPP<\/li><\/ul>\n","protected":false},"excerpt":{"rendered":"<p>La cr\u00e8che parentale se distingue des cr\u00e8ches municipales ou priv\u00e9es par l\u2019implication directe des parents dans son organisation. Chaque famille participe activement \u00e0 la vie de la structure \u00e0 travers une commission. Ces commissions couvrent l\u2019ensemble du fonctionnement : pr\u00e9sidence &hellip; <\/p>\n","protected":false},"author":1,"featured_media":0,"parent":0,"menu_order":0,"comment_status":"closed","ping_status":"closed","template":"","meta":{"_monsterinsights_skip_tracking":false,"_monsterinsights_sitenote_active":false,"_monsterinsights_sitenote_note":"","_monsterinsights_sitenote_category":0},"_links":{"self":[{"href":"https:\/\/trotmenu.com\/index.php?rest_route=\/wp\/v2\/pages\/136"}],"collection":[{"href":"https:\/\/trotmenu.com\/index.php?rest_route=\/wp\/v2\/pages"}],"about":[{"href":"https:\/\/trotmenu.com\/index.php?rest_route=\/wp\/v2\/types\/page"}],"author":[{"embeddable":true,"href":"https:\/\/trotmenu.com\/index.php?rest_route=\/wp\/v2\/users\/1"}],"replies":[{"embeddable":true,"href":"https:\/\/trotmenu.com\/index.php?rest_route=%2Fwp%2Fv2%2Fcomments&post=136"}],"version-history":[{"count":7,"href":"https:\/\/trotmenu.com\/index.php?rest_route=\/wp\/v2\/pages\/136\/revisions"}],"predecessor-version":[{"id":269,"href":"https:\/\/trotmenu.com\/index.php?rest_route=\/wp\/v2\/pages\/136\/revisions\/269"}],"wp:attachment":[{"href":"https:\/\/trotmenu.com\/index.php?rest_route=%2Fwp%2Fv2%2Fmedia&parent=136"}],"curies":[{"name":"wp","href":"https:\/\/api.w.org\/{rel}","templated":true}]}}