{"id":212,"date":"2022-02-01T10:39:33","date_gmt":"2022-02-01T09:39:33","guid":{"rendered":"http:\/\/trotmenu.com\/?page_id=212"},"modified":"2022-02-01T15:25:49","modified_gmt":"2022-02-01T14:25:49","slug":"contact","status":"publish","type":"page","link":"https:\/\/trotmenu.com\/?page_id=212","title":{"rendered":"Contact"},"content":{"rendered":"\n<h4 id=\"Contact\">Coordonn\u00e9es<\/h4>\n\n\n\n<p>Cr\u00e8che Les Trot&rsquo;menu<br>6ter rue Archange<br>91400 Orsay <br> T\u00e9l\u00e9phone: 06 52 77 23 91 \/ 09 54 21 86 49<\/p>\n\n\n\n<p><\/p>\n\n\n\n<p><\/p>\n\n\n\n<p><\/p>\n","protected":false},"excerpt":{"rendered":"<p>Coordonn\u00e9es Cr\u00e8che Les Trot&rsquo;menu6ter rue Archange91400 Orsay T\u00e9l\u00e9phone: 06 52 77 23 91 \/ 09 54 21 86 49<\/p>\n","protected":false},"author":1,"featured_media":0,"parent":0,"menu_order":0,"comment_status":"closed","ping_status":"closed","template":"","meta":{"_monsterinsights_skip_tracking":false,"_monsterinsights_sitenote_active":false,"_monsterinsights_sitenote_note":"","_monsterinsights_sitenote_category":0},"_links":{"self":[{"href":"https:\/\/trotmenu.com\/index.php?rest_route=\/wp\/v2\/pages\/212"}],"collection":[{"href":"https:\/\/trotmenu.com\/index.php?rest_route=\/wp\/v2\/pages"}],"about":[{"href":"https:\/\/trotmenu.com\/index.php?rest_route=\/wp\/v2\/types\/page"}],"author":[{"embeddable":true,"href":"https:\/\/trotmenu.com\/index.php?rest_route=\/wp\/v2\/users\/1"}],"replies":[{"embeddable":true,"href":"https:\/\/trotmenu.com\/index.php?rest_route=%2Fwp%2Fv2%2Fcomments&post=212"}],"version-history":[{"count":13,"href":"https:\/\/trotmenu.com\/index.php?rest_route=\/wp\/v2\/pages\/212\/revisions"}],"predecessor-version":[{"id":240,"href":"https:\/\/trotmenu.com\/index.php?rest_route=\/wp\/v2\/pages\/212\/revisions\/240"}],"wp:attachment":[{"href":"https:\/\/trotmenu.com\/index.php?rest_route=%2Fwp%2Fv2%2Fmedia&parent=212"}],"curies":[{"name":"wp","href":"https:\/\/api.w.org\/{rel}","templated":true}]}}