{"id":59,"date":"2021-01-10T23:11:57","date_gmt":"2021-01-10T22:11:57","guid":{"rendered":"http:\/\/trotmenu.com\/?page_id=59"},"modified":"2026-04-16T22:21:48","modified_gmt":"2026-04-16T20:21:48","slug":"recrutement-2021","status":"publish","type":"page","link":"https:\/\/trotmenu.com\/?page_id=59","title":{"rendered":"Inscription"},"content":{"rendered":"\n<p>Ch\u00e8res familles,<\/p>\n\n\n\n<p>Merci de l\u2019int\u00e9r\u00eat que vous portez \u00e0 notre structure. <\/p>\n\n\n\n<p>Nous sommes une cr\u00e8che parentale associative (loi\u00a01901). Nos principaux partenaires sont la mairie d\u2019Orsay, la DPMIS de l\u2019Essonne, la CAF de l\u2019Essonne et l\u2019ACEPP 91. Nous sommes un \u00c9tablissement d\u2019Accueil du Jeune Enfant (EAJE).\u00a0<\/p>\n\n\n\n<p>La cr\u00e8che a une capacit\u00e9 d\u2019accueil de 10 enfants, \u00e2g\u00e9s de 2 mois et demi \u00e0 3 ans, et dispose d\u2019un espace ext\u00e9rieur.<\/p>\n\n\n\n<p>Nos enfants ont la chance d\u2019\u00eatre accueillis par trois salari\u00e9es, professionnelles de la petite enfance dipl\u00f4m\u00e9es. <\/p>\n\n\n\n<p>Dans un environnement pens\u00e9 pour favoriser leur \u00e9panouissement et l\u2019acquisition de leur autonomie, un projet p\u00e9dagogique est mis en place, ax\u00e9 sur la motricit\u00e9 libre et la p\u00e9dagogie Pikler-L\u00f3czy.<\/p>\n\n\n\n<p>La cr\u00e8che parentale se distingue des cr\u00e8ches municipales ou priv\u00e9es par l\u2019investissement des parents dans son organisation. En effet, les parents sont responsables de l\u2019administration de la cr\u00e8che et chaque famille participe \u00e0 une commission. Celles-ci sont les suivantes : pr\u00e9sidence, secr\u00e9tariat et tr\u00e9sorerie (bureau), ainsi que vice-tr\u00e9sorerie, famille, planning et menus, courses-bricolage, enfance et relation ACEPP. Les parents effectuent \u00e9galement une garde par semaine, ce qui leur permet de pouvoir partager un moment privil\u00e9gi\u00e9 avec leur enfant \u00e0 la cr\u00e8che, tout en aidant au bon d\u00e9roulement de la journ\u00e9e.<\/p>\n\n\n\n<p>C\u2019est une v\u00e9ritable opportunit\u00e9 de pouvoir \u00eatre impliqu\u00e9 dans le mode de garde de son enfant durant ses premi\u00e8res ann\u00e9es, tout en b\u00e9n\u00e9ficiant de l\u2019exp\u00e9rience et de la bienveillance de nos professionnelles.<\/p>\n\n\n\n<p>Les \u00e9tapes d&rsquo;inscription sont les suivantes :<\/p>\n\n\n\n<p><strong>1. Etude des dossiers<\/strong><\/p>\n\n\n\n<p>La premi\u00e8re \u00e9tape consiste en l\u2019\u00e9tude des dossiers de candidature par les parents, membres de la commission famille. Le d\u00e9lai de r\u00e9ponse peut varier en fonction de plusieurs \u00e9l\u00e9ments : le nombre de places disponibles, la p\u00e9riode de l\u2019ann\u00e9e, etc.<\/p>\n\n\n\n<p>\u00c0 l\u2019issue de cette premi\u00e8re \u00e9tape, les familles retenues sont invit\u00e9es \u00e0 rencontrer les parents de la cr\u00e8che. Nous veillons \u00e0 apporter une r\u00e9ponse \u00e0 toutes les familles, y compris en cas de refus.<\/p>\n\n\n\n<p><strong>2.\u00a0Rencontre avec les parents<\/strong><\/p>\n\n\n\n<p>Les familles retenues sont convi\u00e9es \u00e0 un temps d\u2019\u00e9change avec les parents de la cr\u00e8che. Ce moment permet de faire connaissance et de mieux comprendre votre motivation \u00e0 rejoindre notre structure.<\/p>\n\n\n\n<p>Cette rencontre a g\u00e9n\u00e9ralement lieu \u00e0 la cr\u00e8che, en dehors des heures d\u2019ouverture, afin de vous permettre de d\u00e9couvrir les locaux.<\/p>\n\n\n\n<p>C\u2019est aussi l\u2019occasion de poser toutes vos questions (organisation, gardes, repas, sommeil, commissions, etc.) et d\u2019\u00e9changer en d\u00e9tail sur le fonctionnement de la cr\u00e8che.<\/p>\n\n\n\n<p>Apr\u00e8s cet \u00e9change, les parents reviennent vers vous dans les jours suivants.<\/p>\n\n\n\n<p><strong>3. \u00a0Entretien avec la responsable technique<\/strong><\/p>\n\n\n\n<p>Si votre famille est retenue, une rencontre est organis\u00e9e avec la responsable technique.<\/p>\n\n\n\n<p>Elle se d\u00e9roule g\u00e9n\u00e9ralement \u00e0 la cr\u00e8che, pendant les heures d\u2019ouverture. <\/p>\n\n\n\n<p>Cet \u00e9change permet d\u2019aborder le rythme de votre enfant, son alimentation et tout ce qui vous semble important. La responsable technique vous pr\u00e9sentera \u00e9galement le d\u00e9roulement des journ\u00e9es, les d\u00e9marches m\u00e9dicales ainsi que la p\u00e9riode d\u2019adaptation (environ 15 jours).<\/p>\n\n\n\n<p><strong>\u00c0 l\u2019issue de cette derni\u00e8re \u00e9tape, une d\u00e9cision d\u00e9finitive est prise concernant l\u2019accueil de votre enfant. <\/strong>Vous serez inform\u00e9s dans les jours qui suivent.<\/p>\n\n\n\n<p class=\"has-vivid-red-color has-text-color\">Pour recevoir le dossier de candidature pour la rentr\u00e9e 2026, merci de compl\u00e9ter le formulaire ci-dessous.  <\/p>\n\n\n\n<div class=\"wp-block-contact-form-7-contact-form-selector\"><div role=\"form\" class=\"wpcf7\" id=\"wpcf7-f58-o1\" lang=\"fr-FR\" dir=\"ltr\">\n<div class=\"screen-reader-response\"><p role=\"status\" aria-live=\"polite\" aria-atomic=\"true\"><\/p> <ul><\/ul><\/div>\n<form action=\"\/index.php?rest_route=%2Fwp%2Fv2%2Fpages%2F59#wpcf7-f58-o1\" method=\"post\" class=\"wpcf7-form init\" novalidate=\"novalidate\" data-status=\"init\">\n<div style=\"display: none;\">\n<input type=\"hidden\" name=\"_wpcf7\" value=\"58\" \/>\n<input type=\"hidden\" name=\"_wpcf7_version\" value=\"5.4\" \/>\n<input type=\"hidden\" name=\"_wpcf7_locale\" value=\"fr_FR\" \/>\n<input type=\"hidden\" name=\"_wpcf7_unit_tag\" value=\"wpcf7-f58-o1\" \/>\n<input type=\"hidden\" name=\"_wpcf7_container_post\" value=\"0\" \/>\n<input type=\"hidden\" name=\"_wpcf7_posted_data_hash\" value=\"\" \/>\n<\/div>\n<p><label> Nom et Pr\u00e9nom<br \/>\n    <span class=\"wpcf7-form-control-wrap your-name\"><input type=\"text\" name=\"your-name\" value=\"\" size=\"40\" class=\"wpcf7-form-control wpcf7-text wpcf7-validates-as-required\" aria-required=\"true\" aria-invalid=\"false\" \/><\/span> <\/label><\/p>\n<p><label>Adresse e-mail<br \/>\n    <span class=\"wpcf7-form-control-wrap your-email\"><input type=\"email\" name=\"your-email\" value=\"\" size=\"40\" class=\"wpcf7-form-control wpcf7-text wpcf7-email wpcf7-validates-as-required wpcf7-validates-as-email\" aria-required=\"true\" aria-invalid=\"false\" \/><\/span> <\/label><\/p>\n<p><label> T\u00e9l\u00e9phone (facultatif)<br \/>\n    <span class=\"wpcf7-form-control-wrap your-phone\"><input type=\"text\" name=\"your-phone\" value=\"\" size=\"40\" class=\"wpcf7-form-control wpcf7-text\" aria-invalid=\"false\" \/><\/span> <\/label><\/p>\n<p><label> Ville de r\u00e9sidence<br \/>\n    <span class=\"wpcf7-form-control-wrap ville-residence\"><input type=\"text\" name=\"ville-residence\" value=\"\" size=\"40\" class=\"wpcf7-form-control wpcf7-text\" aria-invalid=\"false\" \/><\/span><br \/>\n<\/label><\/p>\n<p><label> Date de naissance de l'enfant<br \/>\n    <span class=\"wpcf7-form-control-wrap your-child-birthdate\"><input type=\"date\" name=\"your-child-birthdate\" value=\"\" class=\"wpcf7-form-control wpcf7-date wpcf7-validates-as-date\" aria-invalid=\"false\" \/><\/span><br \/>\n<\/label><\/p>\n<p><label> Votre message<br \/>\n    <span class=\"wpcf7-form-control-wrap your-message\"><textarea name=\"your-message\" cols=\"40\" rows=\"10\" class=\"wpcf7-form-control wpcf7-textarea\" aria-invalid=\"false\"><\/textarea><\/span><br \/>\n<\/label><\/p>\n<p style=\"font-size: 0.9em; opacity: 0.8;\">\n\u26a0\ufe0f Si votre demande concerne un poste de professionnel de la petite enfance, merci de contacter le 09 54 21 86 49.\n<\/p>\n<p><input type=\"submit\" value=\"Envoyer\" class=\"wpcf7-form-control wpcf7-submit\" \/><\/p>\n<div class=\"wpcf7-response-output\" aria-hidden=\"true\"><\/div><\/form><\/div><\/div>\n\n\n\n<p><\/p>\n","protected":false},"excerpt":{"rendered":"<p>Ch\u00e8res familles, Merci de l\u2019int\u00e9r\u00eat que vous portez \u00e0 notre structure. Nous sommes une cr\u00e8che parentale associative (loi\u00a01901). Nos principaux partenaires sont la mairie d\u2019Orsay, la DPMIS de l\u2019Essonne, la CAF de l\u2019Essonne et l\u2019ACEPP 91. Nous sommes un \u00c9tablissement &hellip; <\/p>\n","protected":false},"author":1,"featured_media":0,"parent":0,"menu_order":0,"comment_status":"closed","ping_status":"closed","template":"","meta":{"_monsterinsights_skip_tracking":false,"_monsterinsights_sitenote_active":false,"_monsterinsights_sitenote_note":"","_monsterinsights_sitenote_category":0},"_links":{"self":[{"href":"https:\/\/trotmenu.com\/index.php?rest_route=\/wp\/v2\/pages\/59"}],"collection":[{"href":"https:\/\/trotmenu.com\/index.php?rest_route=\/wp\/v2\/pages"}],"about":[{"href":"https:\/\/trotmenu.com\/index.php?rest_route=\/wp\/v2\/types\/page"}],"author":[{"embeddable":true,"href":"https:\/\/trotmenu.com\/index.php?rest_route=\/wp\/v2\/users\/1"}],"replies":[{"embeddable":true,"href":"https:\/\/trotmenu.com\/index.php?rest_route=%2Fwp%2Fv2%2Fcomments&post=59"}],"version-history":[{"count":24,"href":"https:\/\/trotmenu.com\/index.php?rest_route=\/wp\/v2\/pages\/59\/revisions"}],"predecessor-version":[{"id":275,"href":"https:\/\/trotmenu.com\/index.php?rest_route=\/wp\/v2\/pages\/59\/revisions\/275"}],"wp:attachment":[{"href":"https:\/\/trotmenu.com\/index.php?rest_route=%2Fwp%2Fv2%2Fmedia&parent=59"}],"curies":[{"name":"wp","href":"https:\/\/api.w.org\/{rel}","templated":true}]}}